{"id":31,"date":"2021-05-21T19:20:12","date_gmt":"2021-05-21T19:20:12","guid":{"rendered":"http:\/\/3seminarioextensao.observatoriodasmetropoles.net.br\/?page_id=31"},"modified":"2021-11-26T15:27:16","modified_gmt":"2021-11-26T15:27:16","slug":"sessoes-tematicas","status":"publish","type":"page","link":"https:\/\/3seminarioextensao.observatoriodasmetropoles.net.br\/?page_id=31","title":{"rendered":"Sess\u00f5es"},"content":{"rendered":"\n<figure class=\"wp-block-image size-large\"><img loading=\"lazy\" decoding=\"async\" width=\"1024\" height=\"273\" src=\"http:\/\/3seminarioextensao.observatoriodasmetropoles.net.br\/wp-content\/uploads\/2021\/05\/sessoes-1-1024x273.png\" alt=\"\" class=\"wp-image-241\" srcset=\"https:\/\/3seminarioextensao.observatoriodasmetropoles.net.br\/wp-content\/uploads\/2021\/05\/sessoes-1-1024x273.png 1024w, https:\/\/3seminarioextensao.observatoriodasmetropoles.net.br\/wp-content\/uploads\/2021\/05\/sessoes-1-300x80.png 300w, https:\/\/3seminarioextensao.observatoriodasmetropoles.net.br\/wp-content\/uploads\/2021\/05\/sessoes-1-768x204.png 768w, https:\/\/3seminarioextensao.observatoriodasmetropoles.net.br\/wp-content\/uploads\/2021\/05\/sessoes-1-1536x409.png 1536w, https:\/\/3seminarioextensao.observatoriodasmetropoles.net.br\/wp-content\/uploads\/2021\/05\/sessoes-1-2048x545.png 2048w, https:\/\/3seminarioextensao.observatoriodasmetropoles.net.br\/wp-content\/uploads\/2021\/05\/sessoes-1-452x120.png 452w\" sizes=\"auto, (max-width: 1024px) 100vw, 1024px\" \/><\/figure>\n\n\n\n<p><strong>____<\/strong><\/p>\n\n\n\n<p><strong>ST1 &#8211; Arquitetura, Urbanismo e Planejamento Urbano e&nbsp;Extens\u00e3o Universit\u00e1ria<\/strong><\/p>\n\n\n\n<p><strong>Mediadores\/Debatedores:<\/strong> Andr\u00e9 Carrasco (UFPel) e Regina Lins (UFAL)&nbsp;<\/p>\n\n\n\n<p><strong>Apresenta\u00e7\u00f5es:\u00a0<\/strong><br>1. Larissa Leticia Andara Ramos; Walace Pandolpho Kiffer Junior; Manuela Bernardes Batista &#8211; <a href=\"https:\/\/drive.google.com\/file\/d\/130xdZ8NlsX99VujU21coE0m3uSPmql-J\/view?usp=sharing\" data-type=\"URL\" data-id=\"https:\/\/drive.google.com\/file\/d\/130xdZ8NlsX99VujU21coE0m3uSPmql-J\/view?usp=sharing\" target=\"_blank\" rel=\"noreferrer noopener\">A Escola vai ao Parque: reconcilia\u00e7\u00e3o da Unidade de Conserva\u00e7\u00e3o do Parque da Manteigueira com a Cidade<\/a>.\u00a0<br>2. Nat\u00e1lia Sagaz; Mariana Panzera; Nath\u00e1lia Sander &#8211; <a href=\"https:\/\/drive.google.com\/file\/d\/1J4vo8n6YolAblCZDIdJOHx3inZY_kWQY\/view?usp=sharing\" data-type=\"URL\" data-id=\"https:\/\/drive.google.com\/file\/d\/1J4vo8n6YolAblCZDIdJOHx3inZY_kWQY\/view?usp=sharing\" target=\"_blank\" rel=\"noreferrer noopener\">Habita Chapec\u00f3: diretrizes para implementa\u00e7\u00e3o da assist\u00eancia t\u00e9cnica de habita\u00e7\u00e3o de interesse social (ATHIS) no munic\u00edpio catarinense de Chapec\u00f3<\/a>.<br>3. St\u00e9fany Grayce Teixeira Barbosa; Lara Mac\u00eado Sousa; Raquel Fonseca de Albuquerque; Vit\u00f3ria de Freitas Sousa &#8211; <a href=\"https:\/\/drive.google.com\/file\/d\/1IJFQ-M8qnQDZqzoFUPtBlDiyA1bThEEw\/view?usp=sharing\" data-type=\"URL\" data-id=\"https:\/\/drive.google.com\/file\/d\/1IJFQ-M8qnQDZqzoFUPtBlDiyA1bThEEw\/view?usp=sharing\" target=\"_blank\" rel=\"noreferrer noopener\">Democratiza\u00e7\u00e3o do Acesso \u00e0 \u00c1gua e ao Saneamento: projeto de pontos de higieniza\u00e7\u00e3o para a popula\u00e7\u00e3o em situa\u00e7\u00e3o de rua em Fortaleza.<\/a><br>4. Nadine Martignago Saleh; Samuel Steiner dos Santos; Eduarda Vieira Florindo; Clara Bragan\u00e7a Boschiglia &#8211; <a href=\"https:\/\/drive.google.com\/file\/d\/1PiYt1UMGpiQJ3HpRUzlnQFK8DI-BGMp3\/view?usp=sharing\" data-type=\"URL\" data-id=\"https:\/\/drive.google.com\/file\/d\/1PiYt1UMGpiQJ3HpRUzlnQFK8DI-BGMp3\/view?usp=sharing\" target=\"_blank\" rel=\"noreferrer noopener\">COMUNIT\u00c1REAS: um instrumento para o reconhecimento e a mobiliza\u00e7\u00e3o de grupos e comunidades da \u00e1rea conurbada de Florian\u00f3polis<\/a>.<\/p>\n\n\n\n<p><strong>____<\/strong><\/p>\n\n\n\n<p><strong>ST2 &#8211; Demandas da Comunidade para a Universidade e da Universidade para a Comunidade<\/strong><\/p>\n\n\n\n<p><strong>Mediadores\/Debatedores:<\/strong> Renato Pequeno (UFC) e Lizete Rubano (UPMackenzie)&nbsp;<\/p>\n\n\n\n<p><strong>Apresenta\u00e7\u00f5es:\u00a0<\/strong><br>1. Lu\u00edsa Elias Lemos; Darlene Silva de Souza; Joyce de Melo Os\u00f3rio; Larissa Paim Arnold; L\u00edvia dos Santos Falc\u00e3o &#8211; <a rel=\"noreferrer noopener\" href=\"https:\/\/drive.google.com\/file\/d\/1WDWIXKbCUz7y8xGzTX7blsSxSD1s3r_9\/view?usp=sharing\" data-type=\"URL\" data-id=\"https:\/\/drive.google.com\/file\/d\/1WDWIXKbCUz7y8xGzTX7blsSxSD1s3r_9\/view?usp=sharing\" target=\"_blank\">ARQURB Comunidades: As experi\u00eancias Preliminares do Projeto de Extens\u00e3o<\/a>.\u00a0<br>2. St\u00e9fany Grayce Teixeira Barbosa; Guilhermo Ribeiro Mastroianni; Lara Aguiar Cunha; Thamirys Borges Alc\u00e2ntara &#8211; <a href=\"https:\/\/drive.google.com\/file\/d\/1Qnt-vJZDrxJPG1_vXyBqBxFTkcJoR6uk\/view?usp=sharing\" data-type=\"URL\" data-id=\"https:\/\/drive.google.com\/file\/d\/1Qnt-vJZDrxJPG1_vXyBqBxFTkcJoR6uk\/view?usp=sharing\" target=\"_blank\" rel=\"noreferrer noopener\">Universidade em Conflito: a extens\u00e3o como aliada dos Moradores do Campus do Pici em defesa ao direito \u00e0 moradia<\/a>.\u00a0<br>3. Guilhermo Ribeiro Mastroianni; Raquel Ferreira Leite; Raquel Fonseca de Albuquerque &#8211; <a href=\"https:\/\/drive.google.com\/file\/d\/1iVmAaQGyhkRULJNP0evG8wJXINsl2W2r\/view?usp=sharing\" data-type=\"URL\" data-id=\"https:\/\/drive.google.com\/file\/d\/1iVmAaQGyhkRULJNP0evG8wJXINsl2W2r\/view?usp=sharing\" target=\"_blank\" rel=\"noreferrer noopener\">A extens\u00e3o universit\u00e1ria como comunica\u00e7\u00e3o: a perspectiva de um escrit\u00f3rio modelo de arquitetura e urbanismo<\/a>.\u00a0<br>4. Ana Claudia Duarte Cardoso &#8211; <a href=\"https:\/\/docs.google.com\/document\/d\/1xoRetvZtUzTZ2JjWVgzjsE-jFlJoVFEj\/edit?usp=sharing&amp;ouid=100821834857457186297&amp;rtpof=true&amp;sd=true\" data-type=\"URL\" data-id=\"https:\/\/docs.google.com\/document\/d\/1xoRetvZtUzTZ2JjWVgzjsE-jFlJoVFEj\/edit?usp=sharing&amp;ouid=100821834857457186297&amp;rtpof=true&amp;sd=true\" target=\"_blank\" rel=\"noreferrer noopener\">DI\/VER(S)CIDADE. Di\u00e1logos sobre diversidade na cidade<\/a>.\u00a0<br>5. Lu\u00eds Henrique Bortolai &#8211; <a rel=\"noreferrer noopener\" href=\"https:\/\/drive.google.com\/file\/d\/1WHzp1ErCFqhYkbNr-PLoreYPjcB0iTpr\/view?usp=sharing\" data-type=\"URL\" data-id=\"https:\/\/drive.google.com\/file\/d\/1WHzp1ErCFqhYkbNr-PLoreYPjcB0iTpr\/view?usp=sharing\" target=\"_blank\">Efetiva\u00e7\u00e3o do acesso \u00e0 justi\u00e7a aos estudantes de escolas p\u00fablicas em Campinas\/SP atrav\u00e9s de projeto de extens\u00e3o universit\u00e1ria na faculdade de direito<\/a>.<\/p>\n\n\n\n<p><strong>____<\/strong><\/p>\n\n\n\n<p><strong>ST3 &#8211; A Escala da Cultura na Extens\u00e3o&nbsp;<\/strong><\/p>\n\n\n\n<p><strong>Mediadores\/Debatedores:<\/strong> Ana Elisia Costa (UFRGS) e Clark Mangabeira (UFMT)<\/p>\n\n\n\n<p><strong>Apresenta\u00e7\u00f5es:\u00a0<\/strong><br>1. Bibiana Umann Borda; Giovanna Hagemann Pozzer; Joyce de Melo Os\u00f3rio; Ana Paula Soares Pinheiro; Christiano Hagemann Pozzer &#8211; <a href=\"https:\/\/drive.google.com\/file\/d\/1olxuvGq0QHUplU9SGePwQKr9KLPEVFfN\/view?usp=sharing\" data-type=\"URL\" data-id=\"https:\/\/drive.google.com\/file\/d\/1olxuvGq0QHUplU9SGePwQKr9KLPEVFfN\/view?usp=sharing\" target=\"_blank\" rel=\"noreferrer noopener\">Migra\u00e7\u00e3o, cidade e interculturalidade: mapeando amea\u00e7as e respostas hegem\u00f4nicas<\/a>.\u00a0<br>2. Carla Aparecida da Silva Ribeiro; Aline Couto da Costa &#8211; <a href=\"https:\/\/drive.google.com\/file\/d\/1ONMcRg-j-nLTnSk-QLakvwmApduq8g6D\/view?usp=sharing\" data-type=\"URL\" data-id=\"https:\/\/drive.google.com\/file\/d\/1ONMcRg-j-nLTnSk-QLakvwmApduq8g6D\/view?usp=sharing\" target=\"_blank\" rel=\"noreferrer noopener\">(SUB)URBANO: a pr\u00e1tica extensionista no estudo do hip-hop e seu espa\u00e7o em Campos dos Goytacazes\/RJ<\/a>.<br>3. Gabriel de Andrade Fernandes &#8211; <a href=\"https:\/\/drive.google.com\/file\/d\/1OzNNiF_ucv1gI_T-O9ivK-I50j2KxLQZ\/view?usp=sharing\" data-type=\"URL\" data-id=\"https:\/\/drive.google.com\/file\/d\/1OzNNiF_ucv1gI_T-O9ivK-I50j2KxLQZ\/view?usp=sharing\" target=\"_blank\" rel=\"noreferrer noopener\">Quando o patrim\u00f4nio cultural universit\u00e1rio \u00e9 o objeto da extens\u00e3o: limites, desafios e potencialidades para a patrimonializa\u00e7\u00e3o dial\u00f3gica de bens culturais universit\u00e1rios no Centro de Preserva\u00e7\u00e3o Cultural da USP<\/a><br>4. Victor Salgado; Luana Marques Vieira; Luana Rocha de Souza\/<a href=\"https:\/\/drive.google.com\/file\/d\/1ZyhrnwtCcfTwof2BGFFlBkF9raRv3ooK\/view?usp=sharing\" data-type=\"URL\" data-id=\"https:\/\/drive.google.com\/file\/d\/1ZyhrnwtCcfTwof2BGFFlBkF9raRv3ooK\/view?usp=sharing\" target=\"_blank\" rel=\"noreferrer noopener\"> Emergir Coletivo &#8211; Criar e Viver a Pra\u00e7a da Vizinhan\u00e7a<\/a>.<\/p>\n\n\n\n<p><strong>____<\/strong><\/p>\n","protected":false},"excerpt":{"rendered":"<p>____ ST1 &#8211; Arquitetura, Urbanismo e Planejamento Urbano e&nbsp;Extens\u00e3o Universit\u00e1ria Mediadores\/Debatedores: Andr\u00e9 Carrasco (UFPel) e Regina Lins (UFAL)&nbsp; Apresenta\u00e7\u00f5es:\u00a01. Larissa Leticia Andara Ramos; Walace Pandolpho &hellip;<\/p>\n","protected":false},"author":1,"featured_media":0,"parent":0,"menu_order":0,"comment_status":"closed","ping_status":"closed","template":"","meta":{"footnotes":""},"class_list":["post-31","page","type-page","status-publish","hentry"],"_links":{"self":[{"href":"https:\/\/3seminarioextensao.observatoriodasmetropoles.net.br\/index.php?rest_route=\/wp\/v2\/pages\/31","targetHints":{"allow":["GET"]}}],"collection":[{"href":"https:\/\/3seminarioextensao.observatoriodasmetropoles.net.br\/index.php?rest_route=\/wp\/v2\/pages"}],"about":[{"href":"https:\/\/3seminarioextensao.observatoriodasmetropoles.net.br\/index.php?rest_route=\/wp\/v2\/types\/page"}],"author":[{"embeddable":true,"href":"https:\/\/3seminarioextensao.observatoriodasmetropoles.net.br\/index.php?rest_route=\/wp\/v2\/users\/1"}],"replies":[{"embeddable":true,"href":"https:\/\/3seminarioextensao.observatoriodasmetropoles.net.br\/index.php?rest_route=%2Fwp%2Fv2%2Fcomments&post=31"}],"version-history":[{"count":17,"href":"https:\/\/3seminarioextensao.observatoriodasmetropoles.net.br\/index.php?rest_route=\/wp\/v2\/pages\/31\/revisions"}],"predecessor-version":[{"id":427,"href":"https:\/\/3seminarioextensao.observatoriodasmetropoles.net.br\/index.php?rest_route=\/wp\/v2\/pages\/31\/revisions\/427"}],"wp:attachment":[{"href":"https:\/\/3seminarioextensao.observatoriodasmetropoles.net.br\/index.php?rest_route=%2Fwp%2Fv2%2Fmedia&parent=31"}],"curies":[{"name":"wp","href":"https:\/\/api.w.org\/{rel}","templated":true}]}}